{"id":9,"date":"2024-08-10T22:43:16","date_gmt":"2024-08-10T22:43:16","guid":{"rendered":"https:\/\/amadoraemfesta.pt\/2025\/?page_id=9"},"modified":"2025-09-08T14:59:42","modified_gmt":"2025-09-08T13:59:42","slug":"home","status":"publish","type":"page","link":"https:\/\/amadoraemfesta.pt\/2025\/en\/","title":{"rendered":"Home"},"content":{"rendered":"<p>[et_pb_section fb_built=&#8221;1&#8243; _builder_version=&#8221;4.27.0&#8243; _module_preset=&#8221;default&#8221; background_image=&#8221;https:\/\/amadoraemfesta.pt\/2025\/wp-content\/uploads\/2025\/06\/AEF25_SITE_FUNDO.png&#8221; background_position=&#8221;top_center&#8221; min_height=&#8221;100vh&#8221; global_colors_info=&#8221;{}&#8221;][et_pb_row custom_padding_last_edited=&#8221;on|phone&#8221; _builder_version=&#8221;4.27.0&#8243; _module_preset=&#8221;default&#8221; width_tablet=&#8221;&#8221; width_phone=&#8221;90%&#8221; width_last_edited=&#8221;on|phone&#8221; custom_padding=&#8221;130px||||false|false&#8221; custom_padding_tablet=&#8221;90px||||false|false&#8221; custom_padding_phone=&#8221;70px||||false|false&#8221; global_colors_info=&#8221;{}&#8221;][et_pb_column type=&#8221;4_4&#8243; _builder_version=&#8221;4.27.0&#8243; _module_preset=&#8221;default&#8221; global_colors_info=&#8221;{}&#8221;][et_pb_image src=&#8221;https:\/\/amadoraemfesta.pt\/2025\/wp-content\/uploads\/2025\/06\/AEF25_SITE_LOGO.png&#8221; alt=&#8221;Amadora em Festa 2025&#8243; title_text=&#8221;Amadora em Festa 2025&#8243; align=&#8221;center&#8221; _builder_version=&#8221;4.27.0&#8243; _module_preset=&#8221;default&#8221; max_width=&#8221;60%&#8221; max_width_tablet=&#8221;70%&#8221; max_width_phone=&#8221;90%&#8221; max_width_last_edited=&#8221;on|phone&#8221; module_alignment=&#8221;center&#8221; global_colors_info=&#8221;{}&#8221;][\/et_pb_image][\/et_pb_column][\/et_pb_row][et_pb_row custom_padding_last_edited=&#8221;on|phone&#8221; _builder_version=&#8221;4.27.0&#8243; _module_preset=&#8221;default&#8221; width_tablet=&#8221;&#8221; width_phone=&#8221;90%&#8221; width_last_edited=&#8221;on|phone&#8221; custom_padding=&#8221;0px||||false|false&#8221; custom_padding_tablet=&#8221;&#8221; custom_padding_phone=&#8221;0px||||false|false&#8221; global_colors_info=&#8221;{}&#8221;][et_pb_column type=&#8221;4_4&#8243; _builder_version=&#8221;4.27.0&#8243; _module_preset=&#8221;default&#8221; global_colors_info=&#8221;{}&#8221;][et_pb_video src=&#8221;https:\/\/vimeo.com\/1097473862\/462d3096ce&#8221; image_src=&#8221;\/\/i.vimeocdn.com\/video\/2031831370-8f726458a0c032c3701c2004583c207770027ab2a4b17dca7814f1e7848c0e94-d_960?region=us&#8221; play_icon_color=&#8221;#C7DD6E&#8221; use_icon_font_size=&#8221;on&#8221; _builder_version=&#8221;4.27.0&#8243; _module_preset=&#8221;default&#8221; box_shadow_style=&#8221;preset1&#8243; global_colors_info=&#8221;{}&#8221;][\/et_pb_video][\/et_pb_column][\/et_pb_row][et_pb_row _builder_version=&#8221;4.27.0&#8243; _module_preset=&#8221;default&#8221; width_tablet=&#8221;&#8221; width_phone=&#8221;90%&#8221; width_last_edited=&#8221;on|phone&#8221; global_colors_info=&#8221;{}&#8221;][et_pb_column type=&#8221;4_4&#8243; _builder_version=&#8221;4.27.0&#8243; _module_preset=&#8221;default&#8221; global_colors_info=&#8221;{}&#8221;][decm_event_display show_recurring_events=&#8221;off&#8221; show_date=&#8221;off&#8221; start_date_format=&#8221;Dias&#8221; show_end_date=&#8221;off&#8221; show_time=&#8221;off&#8221; show_venue=&#8221;off&#8221; show_location=&#8221;on&#8221; location_detail_label=&#8221;Local: &#8221; show_street_comma=&#8221;off&#8221; show_locality=&#8221;off&#8221; show_locality_comma=&#8221;off&#8221; show_location_state=&#8221;off&#8221; show_location_state_comma=&#8221;off&#8221; show_postal=&#8221;off&#8221; show_postal_comma=&#8221;off&#8221; show_country=&#8221;off&#8221; show_country_comma=&#8221;off&#8221; show_postal_code_before_locality=&#8221;off&#8221; show_name=&#8221;off&#8221; show_price=&#8221;off&#8221; category_detail_label=&#8221;Categoria:&#8221; show_tag=&#8221;off&#8221; show_weburl=&#8221;off&#8221; show_detail=&#8221;off&#8221; show_callout_time=&#8221;on&#8221; callout_time_format=&#8221;H:i&#8221; show_icon_label=&#8221;label&#8221; event_count=&#8221;3&#8243; open_toggle_background_color=&#8221;#FFFFFF&#8221; details_background_color=&#8221;#FFFFFF&#8221; callout_background_color=&#8221;#000000&#8243; cards_spacing=&#8221;||||false|false&#8221; event_inner_spacing=&#8221;||30px||false|false&#8221; view_more_text=&#8221;Ver mais&#8221; align=&#8221;center&#8221; image_aspect_ratio=&#8221;16\/9&#8243; show_pagination=&#8221;on&#8221; events_to_load=&#8221;3&#8243; ajax_load_more_text=&#8221;Mais Eventos&#8221; _builder_version=&#8221;4.27.0&#8243; _module_preset=&#8221;default&#8221; title_font=&#8221;|700||on|||||&#8221; title_text_color=&#8221;#000000&#8243; title_font_size=&#8221;18px&#8221; title_line_height=&#8221;1.3em&#8221; duration_text_color=&#8221;#000000&#8243; duration_font_size=&#8221;14px&#8221; duration_labels_text_color=&#8221;#000000&#8243; duration_labels_font_size=&#8221;15px&#8221; callout_date_text_color=&#8221;#FFFFFF&#8221; callout_date_font_size=&#8221;32px&#8221; callout_month_font=&#8221;|700||on|||||&#8221; callout_month_text_align=&#8221;center&#8221; callout_month_text_color=&#8221;#FFFFFF&#8221; callout_month_font_size=&#8221;12px&#8221; callout_time_text_align=&#8221;center&#8221; callout_time_text_color=&#8221;#FFFFFF&#8221; callout_time_font_size=&#8221;12px&#8221; background_color=&#8221;RGBA(255,255,255,0)&#8221; custom_ajax_load_more_button=&#8221;on&#8221; ajax_load_more_button_text_size=&#8221;20px&#8221; ajax_load_more_button_text_color=&#8221;#FFFFFF&#8221; ajax_load_more_button_bg_color=&#8221;#000000&#8243; ajax_load_more_button_border_width=&#8221;0px&#8221; ajax_load_more_button_border_radius=&#8221;0px&#8221; ajax_load_more_button_font=&#8221;|||on|||||&#8221; ajax_load_more_button_use_icon=&#8221;off&#8221; ajax_load_more_button_alignment=&#8221;center&#8221; ajax_load_more_button_custom_padding=&#8221;5px|45px|5px|45px|true|true&#8221; custom_margin=&#8221;||||false|false&#8221; custom_padding=&#8221;||||false|false&#8221; border_width_all=&#8221;0px&#8221; border_color_all=&#8221;#000000&#8243; border_radii_thumbnail_border=&#8221;on|0px|0px|0px|0px&#8221; border_radii_callout_border=&#8221;on|0px|0px|0px|0px&#8221; box_shadow_style_event_box_shadow=&#8221;preset1&#8243; global_colors_info=&#8221;{}&#8221;][\/decm_event_display][\/et_pb_column][\/et_pb_row][et_pb_row column_structure=&#8221;1_3,1_3,1_3&#8243; disabled_on=&#8221;on|on|on&#8221; _builder_version=&#8221;4.27.0&#8243; _module_preset=&#8221;default&#8221; width_tablet=&#8221;&#8221; width_phone=&#8221;90%&#8221; width_last_edited=&#8221;on|phone&#8221; disabled=&#8221;on&#8221; global_colors_info=&#8221;{}&#8221;][et_pb_column type=&#8221;1_3&#8243; _builder_version=&#8221;4.27.0&#8243; _module_preset=&#8221;default&#8221; custom_padding=&#8221;30px|30px|30px|30px|true|true&#8221; border_radii=&#8221;off|50px|15px|90px|15px&#8221; border_color_all=&#8221;#f37f44&#8243; global_colors_info=&#8221;{}&#8221;][et_pb_button button_url=&#8221;@ET-DC@eyJkeW5hbWljIjp0cnVlLCJjb250ZW50IjoicG9zdF9saW5rX3VybF9wYWdlIiwic2V0dGluZ3MiOnsicG9zdF9pZCI6IjMwOSJ9fQ==@&#8221; button_text=&#8221;Programa&#8221; button_alignment=&#8221;center&#8221; _builder_version=&#8221;4.27.0&#8243; _dynamic_attributes=&#8221;button_url&#8221; _module_preset=&#8221;default&#8221; custom_button=&#8221;on&#8221; button_text_color=&#8221;#FFFFFF&#8221; button_bg_color=&#8221;#000000&#8243; button_border_color=&#8221;#000000&#8243; button_border_radius=&#8221;0px&#8221; button_font=&#8221;|||on|||||&#8221; button_icon=&#8221;&#xf35d;||fa||900&#8243; button_icon_placement=&#8221;left&#8221; button_on_hover=&#8221;off&#8221; custom_css_main_element=&#8221;width:100%;&#8221; global_colors_info=&#8221;{}&#8221;][\/et_pb_button][\/et_pb_column][et_pb_column type=&#8221;1_3&#8243; _builder_version=&#8221;4.27.0&#8243; _module_preset=&#8221;default&#8221; custom_padding=&#8221;30px|30px|30px|30px|true|true&#8221; border_radii=&#8221;off|50px|15px|90px|15px&#8221; border_color_all=&#8221;#662f80&#8243; global_colors_info=&#8221;{}&#8221;][et_pb_button button_url=&#8221;@ET-DC@eyJkeW5hbWljIjp0cnVlLCJjb250ZW50IjoicG9zdF9saW5rX3VybF9wYWdlIiwic2V0dGluZ3MiOnsicG9zdF9pZCI6IjE1NiJ9fQ==@&#8221; button_text=&#8221;Calend\u00e1rio&#8221; button_alignment=&#8221;center&#8221; _builder_version=&#8221;4.27.0&#8243; _dynamic_attributes=&#8221;button_url&#8221; _module_preset=&#8221;default&#8221; custom_button=&#8221;on&#8221; button_text_color=&#8221;#FFFFFF&#8221; button_bg_color=&#8221;#000000&#8243; button_border_color=&#8221;#000000&#8243; button_border_radius=&#8221;0px&#8221; button_font=&#8221;|||on|||||&#8221; button_icon=&#8221;&#xf35d;||fa||900&#8243; button_icon_placement=&#8221;left&#8221; button_on_hover=&#8221;off&#8221; custom_css_main_element=&#8221;width:100%;&#8221; global_colors_info=&#8221;{}&#8221;][\/et_pb_button][\/et_pb_column][et_pb_column type=&#8221;1_3&#8243; _builder_version=&#8221;4.27.0&#8243; _module_preset=&#8221;default&#8221; custom_padding=&#8221;30px|30px|30px|30px|true|true&#8221; border_radii=&#8221;off|50px|15px|90px|15px&#8221; border_color_all=&#8221;#28a9c9&#8243; global_colors_info=&#8221;{}&#8221;][et_pb_button button_url=&#8221;@ET-DC@eyJkeW5hbWljIjp0cnVlLCJjb250ZW50IjoicG9zdF9saW5rX3VybF9wYWdlIiwic2V0dGluZ3MiOnsicG9zdF9pZCI6IjM1NyJ9fQ==@&#8221; button_text=&#8221;Locais&#8221; button_alignment=&#8221;center&#8221; _builder_version=&#8221;4.27.0&#8243; _dynamic_attributes=&#8221;button_url&#8221; _module_preset=&#8221;default&#8221; custom_button=&#8221;on&#8221; button_text_color=&#8221;#FFFFFF&#8221; button_bg_color=&#8221;#000000&#8243; button_border_color=&#8221;#000000&#8243; button_border_radius=&#8221;0px&#8221; button_font=&#8221;|||on|||||&#8221; button_icon=&#8221;&#xf35d;||fa||900&#8243; button_icon_placement=&#8221;left&#8221; button_on_hover=&#8221;off&#8221; custom_css_main_element=&#8221;width:100%;&#8221; global_colors_info=&#8221;{}&#8221;][\/et_pb_button][\/et_pb_column][\/et_pb_row][et_pb_row _builder_version=&#8221;4.27.0&#8243; _module_preset=&#8221;default&#8221; global_colors_info=&#8221;{}&#8221;][et_pb_column type=&#8221;4_4&#8243; _builder_version=&#8221;4.27.0&#8243; _module_preset=&#8221;default&#8221; global_colors_info=&#8221;{}&#8221;][et_pb_post_slider include_categories=&#8221;1&#8243; orderby=&#8221;rand&#8221; use_manual_excerpt=&#8221;off&#8221; show_meta=&#8221;off&#8221; use_bg_overlay=&#8221;off&#8221; use_text_overlay=&#8221;on&#8221; _builder_version=&#8221;4.27.0&#8243; _module_preset=&#8221;default&#8221; header_font=&#8221;|700|||||||&#8221; header_text_align=&#8221;center&#8221; header_text_color=&#8221;#FFFFFF&#8221; background_color=&#8221;#FFFFFF&#8221; hover_enabled=&#8221;0&#8243; header_text_shadow_style=&#8221;preset1&#8243; text_shadow_style=&#8221;preset1&#8243; text_shadow_color=&#8221;#000000&#8243; global_colors_info=&#8221;{}&#8221; sticky_enabled=&#8221;0&#8243;][\/et_pb_post_slider][\/et_pb_column][\/et_pb_row][\/et_pb_section]<\/p>\n","protected":false},"excerpt":{"rendered":"<div class=\"et_pb_module decm_event_display decm_event_display_0 et_pb_bg_layout_ \">\n\t\t\t\t\n\t\t\t\t\n\t\t\t\t\n\t\t\t\t\n\t\t\t\t\n\t\t\t\t\n\t\t\t\t<div class=\"et_pb_module_inner\">\n\t\t\t\t\t\r\n\t\t\t\t<style><\/style><div class=\" \">\r\n\t\t\t\t\t\r\n\t\t\t\t\t\r\n\t\t\t\t\t<div class= \"\">\r\n\t\t\t\t\t\t<div class=\"append_events row_equal row ecs-event-list event-display_style leftimage_rightdetail\"><div class=\" col-lg-4 col-sm-12 col-xs-12   ecs-event ecs-event-posts clearfix exposicoes_ecs_category\" ><article id=\"event_article_1249\" class=\"act-post et_pb_with_border \" style=\"background:;\"  ><div class=\"row \"  > <div  class=\"decm-show-image-left  col-md-12\"><a class=\" dec-image-overlay-url\"  href=\"https:\/\/amadoraemfesta.pt\/2025\/en\/evento\/exposicao-temporaria-roque-gameiro-modelos-vivos-da-lisboa-velha\/\" target=\"_self\"><img width=\"300\" height=\"168\" src=\"https:\/\/amadoraemfesta.pt\/2025\/wp-content\/uploads\/2025\/07\/SITE-AMADORAEMFESTA.PT-EVENTOS-4.png\" class=\"attachment-800x800x ecs_event_feed_image size-800x800x ecs_event_feed_image wp-post-image\" alt=\"\" decoding=\"async\" loading=\"lazy\" srcset=\"https:\/\/amadoraemfesta.pt\/2025\/wp-content\/uploads\/2025\/07\/SITE-AMADORAEMFESTA.PT-EVENTOS-4.png 300w, https:\/\/amadoraemfesta.pt\/2025\/wp-content\/uploads\/2025\/07\/SITE-AMADORAEMFESTA.PT-EVENTOS-4-18x10.png 18w\" sizes=\"auto, (max-width: 300px) 100vw, 300px\" \/><div class=\"callout-box-grid\"><div class=\"callout_date\">11<\/div> <div class=\"callout_month\">September<\/div>    <\/div><span class=\"dec_image_overlay dec_overlay_inline_icon\" data-icon=\"\" data-icon-tablet=\"\" data-icon-phone=\"\"><\/span><\/a><\/div ><div  class=\"col-md-12\"><div class=\"decm-events-details\"><h2 class=\"entry-title title1 summary\"><a class=\"\" href=\"https:\/\/amadoraemfesta.pt\/2025\/en\/evento\/exposicao-temporaria-roque-gameiro-modelos-vivos-da-lisboa-velha\/\" rel=\"bookmark\" target=\"_self\">Exposi\u00e7\u00e3o tempor\u00e1ria \u201cModelos Vivos da Lisboa Velha. Alfredo Roque Gameiro\u201d<\/a><\/h2><h2 class=\"entry-title title2 summary\"><a class=\"\" href=\"https:\/\/amadoraemfesta.pt\/2025\/en\/evento\/exposicao-temporaria-roque-gameiro-modelos-vivos-da-lisboa-velha\/\" rel=\"bookmark\" target=\"_self\">Exposi\u00e7\u00e3o tempor\u00e1ria \u201cModelos Vivos da Lisboa Velha. Alfredo Roque Gameiro\u201d<\/a><\/h2><div class=\"decm-show-detail-center\"><span class=\" decm-show-data-display-block ecs-categories \"> <span class= \"decm_categories ecs_category_exposicoes\" ><a href=\"https:\/\/amadoraemfesta.pt\/2025\/en\/eventos\/category\/exposicoes\/\" target=\"_self\" >Exposi\u00e7\u00f5es<\/a><\/span><\/span><\/div><\/div><\/div><\/div><\/article><\/div><\/div>\r\n\t\t<input type=\"hidden\" name=\"dec-eventfeed-future-past\" id=\"dec-eventfeed-future-past\" value=\"\">\r\n\t\t<input type=\"hidden\" name=\"eventfeed_prev_page\" id=\"eventfeed_prev_page\" value=\"0\">\r\n\t\t<input type=\"hidden\" name=\"eventfeed_current_page\" id=\"eventfeed_current_page\" value=\"1\">\r\n\t\t<input type=\"hidden\" name=\"eventfeed_page\" id=\"eventfeed_page\" value=\"load_more\">\r\n\t\t<input type=\"hidden\" name=\"eventfeed_current_pagination_page\" id=\"eventfeed_current_pagination_page\" value=\"1\">\r\n\t\t<input type=\"hidden\" name=\"module_css_feed\" id=\"module_css_feed\" value=\"\">\r\n\t\t<input type=\"hidden\" name=\"module-css-class\" id=\"module-css-class\" value=\"\" \/>\r\n\t\t<input type=\"hidden\" name=\"dec-eventfeed-category\" id=\"dec-eventfeed-category\" value=\"\">\r\n\t\t<input type=\"hidden\" name=\"dec-eventfeed-tag\" id=\"dec-eventfeed-tag\" value=\"\">\r\n\t\t<input type=\"hidden\" name=\"dec-eventfeed-order\" id=\"dec-eventfeed-order\" value=\"\">\r\n\t\t<input type=\"hidden\" name=\"dec-eventfeed-venue\" id=\"dec-eventfeed-venue\" value=\"\">\r\n\t\t<input type=\"hidden\" name=\"dec-eventfeed-organizer\" id=\"dec-eventfeed-organizer\" value=\"\">\r\n\t\t<input type=\"hidden\" name=\"dec-filter-search\" id=\"dec-filter-search\" value=\"\">\r\n\t\t<input type=\"hidden\" name=\"dec-eventfeed-time\" id=\"dec-eventfeed-time\" value=\"\">\r\n\t\t<input type=\"hidden\" name=\"dec-eventfeed-day\" id=\"dec-eventfeed-day\" value=\"\">\r\n\t\t<input type=\"hidden\" name=\"dec-eventfeed-month\" id=\"dec-eventfeed-month\" value=\"\">\r\n\t\t<input type=\"hidden\" name=\"dec-eventfeed-year\" id=\"dec-eventfeed-year\" value=\"\">\r\n\t\t<input type=\"hidden\" name=\"dec-eventfeed-recurring\" id=\"dec-eventfeed-recurring\" value=\"\">\r\n\t\t<input type=\"hidden\" name=\"EventcostMin\" id=\"EventcostMin\" value=\"\">\r\n\t\t<input type=\"hidden\" name=\"EventcostMax\" id=\"EventcostMax\" value=\"\">\r\n\t\t<input type=\"hidden\" name=\"EventendDate\" id=\"EventendDate\" value=\"\">\r\n\t\t<input type=\"hidden\" name=\"EventstartDate\" id=\"EventstartDate\" value=\"\">\r\n\t\t<input type=\"hidden\" name=\"dec-eventfeed-country\" id=\"dec-eventfeed-country\" value=\"\">\r\n\t\t<input type=\"hidden\" name=\"dec-eventfeed-city\" id=\"dec-eventfeed-city\" value=\"\">\r\n\t\t<input type=\"hidden\" name=\"dec-eventfeed-state\" id=\"dec-eventfeed-state\" value=\"\">\r\n\t\t<input type=\"hidden\" name=\"dec-eventfeed-status\" id=\"dec-eventfeed-status\" value=\"\">\r\n\t\t<input type=\"hidden\" name=\"dec-eventfeed-address\" id=\"dec-eventfeed-address\" value=\"\">\r\n\t\t<input type=\"hidden\" name=\"dec-eventfeed-module-class\" id=\"dec-eventfeed-module-class\" value=\".decm_event_display_0\">\r\n\t\t<input type=\"hidden\" name=\"dec-eventfeed-page-translation\" id=\"dec-eventfeed-page-translation\" value=\"Page\">\r\n\t\t<input type=\"hidden\" name=\"dec-eventfeed-first-translation\" id=\"dec-eventfeed-first-translation\" value=\"First\">\r\n\t\t<input type=\"hidden\" name=\"dec-eventfeed-last-translation\" id=\"dec-eventfeed-last-translation\" value=\"Last\">\r\n\t\t<input type=\"hidden\" name=\"eventfeed_max_page\" id=\"eventfeed_max_page\" value=\"0\"><input type=\"hidden\" name=\"eventfeed_load_img\" id=\"eventfeed_load_img\" value=\"https:\/\/amadoraemfesta.pt\/2025\/wp-content\/plugins\/divi-event-calendar-module\/includes\/modules\/EventDisplay\/ajax-loader.gif\">\r\n\t\t\t\t\t<\/div>\r\n\t\t\t\t<\/div>\r\n\t\t\t\t<script>\r\n\r\n\t\t\t\t\r\n\t\t\t\tjQuery(document).ready(function($) {\r\n\r\n\r\n\t\t\t\t\t$('.ecs-event-pagination').on(\"click\", \"a\", function () {\r\n\t\t\t\t\t\tevent.preventDefault();\r\n\t\t\t\t\t\t$('#eventfeed_current_pagination_page').val();\r\n\t\t\t\t\t\t$(\"input[name='eventfeed_current_pagination_page']\").val($(this).attr(\"pn\"));\r\n\t\t\t\t\t\tsetTimeout(() => {\r\n\t\t\t\t\t\t\tcheckImagesLoad();\r\n\t\t\t\t\t\t}, 2000); \r\n\t\t\t\t\t});\t    \t\r\n\t\r\n\t\t\t\t\t$('.decm_event_display_0').addClass(\"\");\r\n\t\t\t\t\r\n\t\t\t\r\n\r\n\t\t\tvar setHeightColumns = function(){ \r\n\t\t\t\tvar column_loop_row = 0;\r\n\t\t\t\tvar column_height = 0;\r\n\t\t\t\tvar overlay_height = 0;\r\n\t\t\t\tvar ids = [];\r\n\t\t\t\tvar total_Count = 0;\r\n\t\t\t\tvar total_Events = jQuery('.decm_event_display_0 .ecs-event-posts').length; \r\n\t\t\t\tjQuery('.decm_event_display_0 .ecs-event-posts').each(function(){\r\n\t\t\t\t++column_loop_row;\r\n\t\t\t\t++total_Count;\r\n\t\t\t\tvar Event_id = jQuery(this).children('article')[0].id;\r\n\t\t\t\tids.push(Event_id);\r\n\t\t\t\tcolumn_height = jQuery(this).find('#'+Event_id).children('.row').height() >= column_height ? jQuery(this).find('#'+Event_id).children('.row').height() : column_height;\r\n\t\t\t\toverlay_height =\r\n\t\t\t\tjQuery(this).find('.decm-cover-overlay-details').height() >= overlay_height ? jQuery(this).find('.decm-cover-image-overlay').height() : overlay_height;\r\n\t\t\t\tif(column_loop_row == 3 || total_Count == total_Events)\r\n\t\t\t\t{      \r\n\t\t\t\t\tids.map(function(id,index){\r\n\t\t\t\t\t\tvar tempHeight = parseInt(column_height) - parseInt(jQuery('.decm_event_display_0 #'+id+' .row > div:first-child').height());jQuery('.decm_event_display_0 #'+id+' .row > div > div:last-child').css('height',\"auto\");\r\n\t\t\t\t\t\t\r\n\t\t\t\t\t});  \r\n\t\t\t\t\tcolumn_loop_row = 0;\r\n\t\t\t\t\tcolumn_height = 0;\r\n\t\t\t\t\tids = [];\r\n\t\t\t\t}\r\n\t\t\t\t});\r\n\t\t\t\t\r\n\t\t\t}\r\n\t\tvar checkImagesLoad = function(){\r\n\t\t\r\n\t\t\r\n\t\tPromise.all(\r\n\t\t\tArray.from(jQuery(\".decm_event_display_0 .ecs-event-posts img\")).\r\n\t\t\t\tfilter(img => !img.complete).\r\n\t\t\t\tmap(img => new Promise(resolve => {\r\n\t\t\t\t\t\timg.onload = img.onerror = resolve; \r\n\t\t\t\t\t}))).then(() => {\r\n\t\t\t\t\t\tsetHeightColumns();\r\n\t\t\t\t\t});\r\n\t\t\t\t\t\r\n\t\t\t\t\/*var imgs  = jQuery(\".decm_event_display_0_tb_body .ecs-event-posts img\"),\r\n\t\t\t\tlen = imgs.length,\r\n\t\t\t\tcounter = 0;\r\n\t\t\t\t[].forEach.call( imgs, function( img ) {\r\n\t\t\t\t\tif(img.complete)\r\n\t\t\t\t\t  incrementCounter();\r\n\t\t\t\t\telse\r\n\t\t\t\t\t  img.addEventListener( \"load\", incrementCounter, false );\r\n\t\t\t\t} );\r\n\r\n\t\t\t\tfunction incrementCounter() {\r\n\t\t\t\t\tcounter++;\r\n\t\t\t\t\tif ( counter === len ) {\r\n\t\t\t\t\t\tdebugger;\r\n\t\t\t\t\t\tsetHeightColumns();\r\n\t\t\t\t\t}\r\n\t\t\t\t}*\/\r\n\t\t\t}\r\n\t\t\t\r\n\t\t\tsetTimeout(checkImagesLoad, 2000);\r\n\t\t\tjQuery(window).on('resize',function(){\r\n\t\t\t\tvar screenWidth = jQuery(this).width();\r\n\r\n\r\n\t\t\t\tif(screenWidth > 1199){\r\n\t\t\t\t\t\r\n\t\t\t\t\tif(document.readyState == 'complete')\r\n\t\t\t\t\t checkImagesLoad();\r\n\t\t\t\t}\r\n\t\t\t\telse{\r\n\t\t\t\t\tjQuery('.decm_event_display_0 .ecs-event-posts').each(function(){\r\n\t\t\t\t\t\tvar id = jQuery(this).children('article')[0].id;\r\n\t\t\t\t\t\t\r\n\t\tjQuery('.decm_event_display_0 #'+id+' .row > div:first-child').css('height','100%');\r\n\t\tjQuery('.decm_event_display_0 #'+id+' .row > div:last-child').css('height','100%');\r\n\t\tjQuery('.decm_event_display_0 p.ecs-showdetail').css({\"position\":\"unset\",\"width\":\"auto\" });\r\n\t\t\r\n\t\t\t\t\t\t});\r\n\t\t\t\t}\r\n\r\n\t\t\t});\t\r\n\r\n\t\t});\t\r\n\t\t\t<\/script>\r\n\t\t\t\t\r\n\t\t\t\n\t\t\t\t<\/div>\n\t\t\t<\/div>\n","protected":false},"author":1,"featured_media":0,"parent":0,"menu_order":0,"comment_status":"closed","ping_status":"closed","template":"","meta":{"_acf_changed":false,"_et_pb_use_builder":"on","_et_pb_old_content":"","_et_gb_content_width":"","footnotes":""},"class_list":["post-9","page","type-page","status-publish","hentry"],"acf":[],"_links":{"self":[{"href":"https:\/\/amadoraemfesta.pt\/2025\/en\/wp-json\/wp\/v2\/pages\/9","targetHints":{"allow":["GET"]}}],"collection":[{"href":"https:\/\/amadoraemfesta.pt\/2025\/en\/wp-json\/wp\/v2\/pages"}],"about":[{"href":"https:\/\/amadoraemfesta.pt\/2025\/en\/wp-json\/wp\/v2\/types\/page"}],"author":[{"embeddable":true,"href":"https:\/\/amadoraemfesta.pt\/2025\/en\/wp-json\/wp\/v2\/users\/1"}],"replies":[{"embeddable":true,"href":"https:\/\/amadoraemfesta.pt\/2025\/en\/wp-json\/wp\/v2\/comments?post=9"}],"version-history":[{"count":80,"href":"https:\/\/amadoraemfesta.pt\/2025\/en\/wp-json\/wp\/v2\/pages\/9\/revisions"}],"predecessor-version":[{"id":1422,"href":"https:\/\/amadoraemfesta.pt\/2025\/en\/wp-json\/wp\/v2\/pages\/9\/revisions\/1422"}],"wp:attachment":[{"href":"https:\/\/amadoraemfesta.pt\/2025\/en\/wp-json\/wp\/v2\/media?parent=9"}],"curies":[{"name":"wp","href":"https:\/\/api.w.org\/{rel}","templated":true}]}}