{"id":671,"date":"2024-08-27T16:39:01","date_gmt":"2024-08-27T15:39:01","guid":{"rendered":"https:\/\/amadoraemfesta.pt\/2025\/?page_id=671"},"modified":"2025-07-02T14:13:11","modified_gmt":"2025-07-02T13:13:11","slug":"o-amadora-em-festa","status":"publish","type":"page","link":"https:\/\/amadoraemfesta.pt\/2025\/o-amadora-em-festa\/","title":{"rendered":"O Amadora em Festa"},"content":{"rendered":"<p>[et_pb_section fb_built=&#8221;1&#8243; _builder_version=&#8221;4.27.0&#8243; _module_preset=&#8221;default&#8221; background_color=&#8221;#FFFFFF&#8221; hover_enabled=&#8221;0&#8243; global_colors_info=&#8221;{}&#8221; title_text=&#8221;AEF25_SITE_FUNDO&#8221; background_image=&#8221;https:\/\/amadoraemfesta.pt\/2025\/wp-content\/uploads\/2025\/06\/AEF25_SITE_FUNDO.png&#8221; sticky_enabled=&#8221;0&#8243;][et_pb_row _builder_version=&#8221;4.27.0&#8243; _module_preset=&#8221;default&#8221; width_tablet=&#8221;&#8221; width_phone=&#8221;90%&#8221; width_last_edited=&#8221;on|phone&#8221; custom_padding=&#8221;0px||||false|false&#8221; global_colors_info=&#8221;{}&#8221;][et_pb_column type=&#8221;4_4&#8243; _builder_version=&#8221;4.27.0&#8243; _module_preset=&#8221;default&#8221; global_colors_info=&#8221;{}&#8221;][et_pb_text _builder_version=&#8221;4.27.0&#8243; _module_preset=&#8221;default&#8221; text_font_size=&#8221;24px&#8221; text_line_height=&#8221;2em&#8221; header_font=&#8221;|600||on|||||&#8221; header_text_align=&#8221;left&#8221; header_text_color=&#8221;#000000&#8243; border_color_all=&#8221;#FFFFFF&#8221; border_style_all=&#8221;dashed&#8221; border_width_bottom=&#8221;2px&#8221; border_color_bottom=&#8221;#000000&#8243; locked=&#8221;off&#8221; global_colors_info=&#8221;{}&#8221;]<\/p>\n<h1><span>O Amadora em Festa<\/span><\/h1>\n<p>[\/et_pb_text][\/et_pb_column][\/et_pb_row][et_pb_row column_structure=&#8221;2_5,3_5&#8243; _builder_version=&#8221;4.27.0&#8243; _module_preset=&#8221;default&#8221; width_tablet=&#8221;&#8221; width_phone=&#8221;90%&#8221; width_last_edited=&#8221;on|phone&#8221; global_colors_info=&#8221;{}&#8221;][et_pb_column type=&#8221;2_5&#8243; _builder_version=&#8221;4.27.0&#8243; _module_preset=&#8221;default&#8221; global_colors_info=&#8221;{}&#8221;][et_pb_image src=&#8221;https:\/\/amadoraemfesta.pt\/2025\/wp-content\/uploads\/2025\/06\/AEF25_SITE_LOGO.png&#8221; alt=&#8221;Amadora em Festa 2025&#8243; title_text=&#8221;Amadora em Festa 2025&#8243; _builder_version=&#8221;4.27.0&#8243; _module_preset=&#8221;default&#8221; global_colors_info=&#8221;{}&#8221;][\/et_pb_image][\/et_pb_column][et_pb_column type=&#8221;3_5&#8243; _builder_version=&#8221;4.27.0&#8243; _module_preset=&#8221;default&#8221; global_colors_info=&#8221;{}&#8221;][et_pb_text _builder_version=&#8221;4.27.0&#8243; _module_preset=&#8221;default&#8221; text_text_color=&#8221;#000000&#8243; global_colors_info=&#8221;{}&#8221;]<\/p>\n<p>No \u00e2mbito das Comemora\u00e7\u00f5es do 46.\u00ba Anivers\u00e1rio do Munic\u00edpios &#8211; Amadora em Festa 2025, a autarquia preparou um vasto programa de celebra\u00e7\u00e3o que vai da arte urbana ao desporto, \u00e0 m\u00fasica e \u00e0 dan\u00e7a, passando por exposi\u00e7\u00f5es, concertos ao ar livre e atividades com o movimento associativo.<\/p>\n<p>[\/et_pb_text][\/et_pb_column][\/et_pb_row][\/et_pb_section]<\/p>\n","protected":false},"excerpt":{"rendered":"<p>O Amadora em FestaNo \u00e2mbito das Comemora\u00e7\u00f5es do 46.\u00ba Anivers\u00e1rio do Munic\u00edpios &#8211; Amadora em Festa 2025, a autarquia preparou um vasto programa de celebra\u00e7\u00e3o que vai da arte urbana [&hellip;]<\/p>\n","protected":false},"author":1,"featured_media":0,"parent":0,"menu_order":0,"comment_status":"closed","ping_status":"closed","template":"","meta":{"_acf_changed":false,"_et_pb_use_builder":"on","_et_pb_old_content":"","_et_gb_content_width":"","footnotes":""},"class_list":["post-671","page","type-page","status-publish","hentry"],"acf":[],"_links":{"self":[{"href":"https:\/\/amadoraemfesta.pt\/2025\/wp-json\/wp\/v2\/pages\/671","targetHints":{"allow":["GET"]}}],"collection":[{"href":"https:\/\/amadoraemfesta.pt\/2025\/wp-json\/wp\/v2\/pages"}],"about":[{"href":"https:\/\/amadoraemfesta.pt\/2025\/wp-json\/wp\/v2\/types\/page"}],"author":[{"embeddable":true,"href":"https:\/\/amadoraemfesta.pt\/2025\/wp-json\/wp\/v2\/users\/1"}],"replies":[{"embeddable":true,"href":"https:\/\/amadoraemfesta.pt\/2025\/wp-json\/wp\/v2\/comments?post=671"}],"version-history":[{"count":11,"href":"https:\/\/amadoraemfesta.pt\/2025\/wp-json\/wp\/v2\/pages\/671\/revisions"}],"predecessor-version":[{"id":1084,"href":"https:\/\/amadoraemfesta.pt\/2025\/wp-json\/wp\/v2\/pages\/671\/revisions\/1084"}],"wp:attachment":[{"href":"https:\/\/amadoraemfesta.pt\/2025\/wp-json\/wp\/v2\/media?parent=671"}],"curies":[{"name":"wp","href":"https:\/\/api.w.org\/{rel}","templated":true}]}}